{"id":3755,"date":"2024-06-07T15:42:36","date_gmt":"2024-06-07T15:42:36","guid":{"rendered":"https:\/\/www.camping-vercheny.fr\/?page_id=3755"},"modified":"2024-06-14T11:30:04","modified_gmt":"2024-06-14T11:30:04","slug":"mentions-legales","status":"publish","type":"page","link":"https:\/\/www.camping-vercheny.fr\/en\/mentions-legales\/","title":{"rendered":"legal notice"},"content":{"rendered":"<div data-elementor-type=\"wp-page\" data-elementor-id=\"3755\" class=\"elementor elementor-3755\" data-elementor-post-type=\"page\">\n\t\t\t\t<div class=\"elementor-element elementor-element-c1797f9 e-flex e-con-boxed e-con e-parent\" data-id=\"c1797f9\" data-element_type=\"container\" data-settings=\"{&quot;background_background&quot;:&quot;classic&quot;}\">\n\t\t\t\t\t<div class=\"e-con-inner\">\n\t\t<div class=\"elementor-element elementor-element-4958c5c e-con-full e-flex e-con e-child\" data-id=\"4958c5c\" data-element_type=\"container\">\n\t\t\t\t<div class=\"elementor-element elementor-element-9c7f183 elementor-widget elementor-widget-text-editor\" data-id=\"9c7f183\" data-element_type=\"widget\" data-widget_type=\"text-editor.default\">\n\t\t\t\t<div class=\"elementor-widget-container\">\n\t\t\t\t\t\t\t\t\t<p style=\"text-align: center;\"><strong>Creation and Realization<\/strong><\/p>\n<p style=\"text-align: center;\">\nKORIGAN\n<br>\nAgence de communication\n<br>\net de Webdesign\n<br>\n<i>22, rue de S\u00e9t\u00e9r\u00e9e<\/i>\n<br>\n26150 DIE\n<br>\nwww.korigan.fr\n<\/p>\n\t\t\t\t\t\t\t\t<\/div>\n\t\t\t\t<\/div>\n\t\t\t\t<\/div>\n\t\t<div class=\"elementor-element elementor-element-b5f5966 e-con-full e-flex e-con e-child\" data-id=\"b5f5966\" data-element_type=\"container\">\n\t\t\t\t<div class=\"elementor-element elementor-element-6bd5365 elementor-widget elementor-widget-text-editor\" data-id=\"6bd5365\" data-element_type=\"widget\" data-widget_type=\"text-editor.default\">\n\t\t\t\t<div class=\"elementor-widget-container\">\n\t\t\t\t\t\t\t\t\t<p style=\"text-align: center;\"><strong>Publisher of the website<\/strong><\/p>\n<p style=\"text-align: center;\">\nCamping Municipal\n<br>\n<i>Le pont de la Dr\u00f4me 335, Route d&rsquo;Aurel<\/i>\n<br>\n26240 VERCHENY\n<\/p>\n\t\t\t\t\t\t\t\t<\/div>\n\t\t\t\t<\/div>\n\t\t\t\t<\/div>\n\t\t<div class=\"elementor-element elementor-element-a1d8097 e-con-full e-flex e-con e-child\" data-id=\"a1d8097\" data-element_type=\"container\">\n\t\t\t\t<div class=\"elementor-element elementor-element-291b338 elementor-widget elementor-widget-text-editor\" data-id=\"291b338\" data-element_type=\"widget\" data-widget_type=\"text-editor.default\">\n\t\t\t\t<div class=\"elementor-widget-container\">\n\t\t\t\t\t\t\t\t\t<p style=\"text-align: center;\"><strong>Creation and Realization<\/strong><\/p>\n<p style=\"text-align: center;\">\nKORIGAN\n<br>\nAgence de communication\n<br>\net de Webdesign\n<br>\n<i>22, rue de S\u00e9t\u00e9r\u00e9e<\/i>\n<br>\n26150 DIE\n<br>\nwww.korigan.fr\n<\/p>\t\t\t\t\t\t\t\t<\/div>\n\t\t\t\t<\/div>\n\t\t\t\t<\/div>\n\t\t\t\t\t<\/div>\n\t\t\t\t<\/div>\n\t\t<div class=\"elementor-element elementor-element-1713edb e-flex e-con-boxed e-con e-parent\" data-id=\"1713edb\" data-element_type=\"container\" data-settings=\"{&quot;background_background&quot;:&quot;classic&quot;}\">\n\t\t\t\t\t<div class=\"e-con-inner\">\n\t\t\t\t<div class=\"elementor-element elementor-element-999f2ef elementor-widget elementor-widget-image\" data-id=\"999f2ef\" data-element_type=\"widget\" data-widget_type=\"image.default\">\n\t\t\t\t<div class=\"elementor-widget-container\">\n\t\t\t\t\t\t\t\t\t\t\t\t\t\t\t<img decoding=\"async\" src=\"https:\/\/www.camping-vercheny.fr\/wp-content\/uploads\/2024\/06\/Fichier-2.svg\" title=\"\" alt=\"\" loading=\"lazy\" \/>\t\t\t\t\t\t\t\t\t\t\t\t\t\t\t<\/div>\n\t\t\t\t<\/div>\n\t\t\t\t\t<\/div>\n\t\t\t\t<\/div>\n\t\t\t\t<\/div>","protected":false},"excerpt":{"rendered":"<p>Cr\u00e9ation et R\u00e9alisation KORIGAN Agence de communication et de Webdesign 22, rue de S\u00e9t\u00e9r\u00e9e 26150 DIE www.korigan.fr Editeur du site Camping Municipal Le pont de la Dr\u00f4me 335, Route d&rsquo;Aurel 26240 VERCHENY Cr\u00e9ation et R\u00e9alisation KORIGAN Agence de communication et de Webdesign 22, rue de S\u00e9t\u00e9r\u00e9e 26150 DIE www.korigan.fr<\/p>","protected":false},"author":1,"featured_media":0,"parent":0,"menu_order":0,"comment_status":"closed","ping_status":"closed","template":"","meta":{"_acf_changed":false,"footnotes":""},"class_list":["post-3755","page","type-page","status-publish","hentry"],"acf":[],"yoast_head":"<!-- This site is optimized with the Yoast SEO plugin v22.3 - https:\/\/yoast.com\/wordpress\/plugins\/seo\/ -->\n<title>Mentions l\u00e9gales - Camping de Vercheny, locations d&#039;emplacements dans le Diois, Dr\u00f4me<\/title>\n<meta name=\"robots\" content=\"index, follow, max-snippet:-1, max-image-preview:large, max-video-preview:-1\" \/>\n<link rel=\"canonical\" href=\"https:\/\/www.camping-vercheny.fr\/en\/mentions-legales\/\" \/>\n<meta property=\"og:locale\" content=\"en_GB\" \/>\n<meta property=\"og:type\" content=\"article\" \/>\n<meta property=\"og:title\" content=\"Mentions l\u00e9gales - Camping de Vercheny, locations d&#039;emplacements dans le Diois, Dr\u00f4me\" \/>\n<meta property=\"og:description\" content=\"Cr\u00e9ation et R\u00e9alisation KORIGAN Agence de communication et de Webdesign 22, rue de S\u00e9t\u00e9r\u00e9e 26150 DIE www.korigan.fr Editeur du site Camping Municipal Le pont de la Dr\u00f4me 335, Route d&rsquo;Aurel 26240 VERCHENY Cr\u00e9ation et R\u00e9alisation KORIGAN Agence de communication et de Webdesign 22, rue de S\u00e9t\u00e9r\u00e9e 26150 DIE www.korigan.fr\" \/>\n<meta property=\"og:url\" content=\"https:\/\/www.camping-vercheny.fr\/en\/mentions-legales\/\" \/>\n<meta property=\"og:site_name\" content=\"Camping de Vercheny, locations d&#039;emplacements dans le Diois, Dr\u00f4me\" \/>\n<meta property=\"article:modified_time\" content=\"2024-06-14T11:30:04+00:00\" \/>\n<meta property=\"og:image\" content=\"https:\/\/www.camping-vercheny.fr\/wp-content\/uploads\/2024\/06\/Fichier-2.svg\" \/>\n<meta name=\"twitter:card\" content=\"summary_large_image\" \/>\n<meta name=\"twitter:label1\" content=\"Estimated reading time\" \/>\n\t<meta name=\"twitter:data1\" content=\"1 minute\" \/>\n<script type=\"application\/ld+json\" class=\"yoast-schema-graph\">{\"@context\":\"https:\/\/schema.org\",\"@graph\":[{\"@type\":\"WebPage\",\"@id\":\"https:\/\/www.camping-vercheny.fr\/mentions-legales\/\",\"url\":\"https:\/\/www.camping-vercheny.fr\/mentions-legales\/\",\"name\":\"Mentions l\u00e9gales - Camping de Vercheny, locations d&#039;emplacements dans le Diois, Dr\u00f4me\",\"isPartOf\":{\"@id\":\"https:\/\/www.camping-vercheny.fr\/#website\"},\"primaryImageOfPage\":{\"@id\":\"https:\/\/www.camping-vercheny.fr\/mentions-legales\/#primaryimage\"},\"image\":{\"@id\":\"https:\/\/www.camping-vercheny.fr\/mentions-legales\/#primaryimage\"},\"thumbnailUrl\":\"https:\/\/www.camping-vercheny.fr\/wp-content\/uploads\/2024\/06\/Fichier-2.svg\",\"datePublished\":\"2024-06-07T15:42:36+00:00\",\"dateModified\":\"2024-06-14T11:30:04+00:00\",\"breadcrumb\":{\"@id\":\"https:\/\/www.camping-vercheny.fr\/mentions-legales\/#breadcrumb\"},\"inLanguage\":\"en-GB\",\"potentialAction\":[{\"@type\":\"ReadAction\",\"target\":[\"https:\/\/www.camping-vercheny.fr\/mentions-legales\/\"]}]},{\"@type\":\"ImageObject\",\"inLanguage\":\"en-GB\",\"@id\":\"https:\/\/www.camping-vercheny.fr\/mentions-legales\/#primaryimage\",\"url\":\"\",\"contentUrl\":\"\"},{\"@type\":\"BreadcrumbList\",\"@id\":\"https:\/\/www.camping-vercheny.fr\/mentions-legales\/#breadcrumb\",\"itemListElement\":[{\"@type\":\"ListItem\",\"position\":1,\"name\":\"Accueil\",\"item\":\"https:\/\/www.camping-vercheny.fr\/\"},{\"@type\":\"ListItem\",\"position\":2,\"name\":\"Mentions l\u00e9gales\"}]},{\"@type\":\"WebSite\",\"@id\":\"https:\/\/www.camping-vercheny.fr\/#website\",\"url\":\"https:\/\/www.camping-vercheny.fr\/\",\"name\":\"Camping de Vercheny, locations d&#039;emplacements dans le Diois, Dr\u00f4me\",\"description\":\"Avec ses rivi\u00e8res paisibles et son ambiance naturelle, le camping Vercheny dans la Dr\u00f4me, proche de Die, est l&#039;endroit id\u00e9al pour les amateurs de caravanes et de tentes en qu\u00eate d&#039;un s\u00e9jour relaxant et enchanteur\",\"publisher\":{\"@id\":\"https:\/\/www.camping-vercheny.fr\/#organization\"},\"potentialAction\":[{\"@type\":\"SearchAction\",\"target\":{\"@type\":\"EntryPoint\",\"urlTemplate\":\"https:\/\/www.camping-vercheny.fr\/?s={search_term_string}\"},\"query-input\":\"required name=search_term_string\"}],\"inLanguage\":\"en-GB\"},{\"@type\":\"Organization\",\"@id\":\"https:\/\/www.camping-vercheny.fr\/#organization\",\"name\":\"Camping de Vercheny, locations d&#039;emplacements dans le Diois, Dr\u00f4me\",\"url\":\"https:\/\/www.camping-vercheny.fr\/\",\"logo\":{\"@type\":\"ImageObject\",\"inLanguage\":\"en-GB\",\"@id\":\"https:\/\/www.camping-vercheny.fr\/#\/schema\/logo\/image\/\",\"url\":\"https:\/\/www.camping-vercheny.fr\/wp-content\/uploads\/2024\/04\/Groupe-118.png\",\"contentUrl\":\"https:\/\/www.camping-vercheny.fr\/wp-content\/uploads\/2024\/04\/Groupe-118.png\",\"width\":308,\"height\":126,\"caption\":\"Camping de Vercheny, locations d&#039;emplacements dans le Diois, Dr\u00f4me\"},\"image\":{\"@id\":\"https:\/\/www.camping-vercheny.fr\/#\/schema\/logo\/image\/\"}}]}<\/script>\n<!-- \/ Yoast SEO plugin. -->","yoast_head_json":{"title":"Mentions l\u00e9gales - Camping de Vercheny, locations d&#039;emplacements dans le Diois, Dr\u00f4me","robots":{"index":"index","follow":"follow","max-snippet":"max-snippet:-1","max-image-preview":"max-image-preview:large","max-video-preview":"max-video-preview:-1"},"canonical":"https:\/\/www.camping-vercheny.fr\/en\/mentions-legales\/","og_locale":"en_GB","og_type":"article","og_title":"Mentions l\u00e9gales - Camping de Vercheny, locations d&#039;emplacements dans le Diois, Dr\u00f4me","og_description":"Cr\u00e9ation et R\u00e9alisation KORIGAN Agence de communication et de Webdesign 22, rue de S\u00e9t\u00e9r\u00e9e 26150 DIE www.korigan.fr Editeur du site Camping Municipal Le pont de la Dr\u00f4me 335, Route d&rsquo;Aurel 26240 VERCHENY Cr\u00e9ation et R\u00e9alisation KORIGAN Agence de communication et de Webdesign 22, rue de S\u00e9t\u00e9r\u00e9e 26150 DIE www.korigan.fr","og_url":"https:\/\/www.camping-vercheny.fr\/en\/mentions-legales\/","og_site_name":"Camping de Vercheny, locations d&#039;emplacements dans le Diois, Dr\u00f4me","article_modified_time":"2024-06-14T11:30:04+00:00","og_image":[{"url":"https:\/\/www.camping-vercheny.fr\/wp-content\/uploads\/2024\/06\/Fichier-2.svg"}],"twitter_card":"summary_large_image","twitter_misc":{"Estimated reading time":"1 minute"},"schema":{"@context":"https:\/\/schema.org","@graph":[{"@type":"WebPage","@id":"https:\/\/www.camping-vercheny.fr\/mentions-legales\/","url":"https:\/\/www.camping-vercheny.fr\/mentions-legales\/","name":"Mentions l\u00e9gales - Camping de Vercheny, locations d&#039;emplacements dans le Diois, Dr\u00f4me","isPartOf":{"@id":"https:\/\/www.camping-vercheny.fr\/#website"},"primaryImageOfPage":{"@id":"https:\/\/www.camping-vercheny.fr\/mentions-legales\/#primaryimage"},"image":{"@id":"https:\/\/www.camping-vercheny.fr\/mentions-legales\/#primaryimage"},"thumbnailUrl":"https:\/\/www.camping-vercheny.fr\/wp-content\/uploads\/2024\/06\/Fichier-2.svg","datePublished":"2024-06-07T15:42:36+00:00","dateModified":"2024-06-14T11:30:04+00:00","breadcrumb":{"@id":"https:\/\/www.camping-vercheny.fr\/mentions-legales\/#breadcrumb"},"inLanguage":"en-GB","potentialAction":[{"@type":"ReadAction","target":["https:\/\/www.camping-vercheny.fr\/mentions-legales\/"]}]},{"@type":"ImageObject","inLanguage":"en-GB","@id":"https:\/\/www.camping-vercheny.fr\/mentions-legales\/#primaryimage","url":"","contentUrl":""},{"@type":"BreadcrumbList","@id":"https:\/\/www.camping-vercheny.fr\/mentions-legales\/#breadcrumb","itemListElement":[{"@type":"ListItem","position":1,"name":"Accueil","item":"https:\/\/www.camping-vercheny.fr\/"},{"@type":"ListItem","position":2,"name":"Mentions l\u00e9gales"}]},{"@type":"WebSite","@id":"https:\/\/www.camping-vercheny.fr\/#website","url":"https:\/\/www.camping-vercheny.fr\/","name":"Camping de Vercheny, locations d&#039;emplacements dans le Diois, Dr\u00f4me","description":"Avec ses rivi\u00e8res paisibles et son ambiance naturelle, le camping Vercheny dans la Dr\u00f4me, proche de Die, est l&#039;endroit id\u00e9al pour les amateurs de caravanes et de tentes en qu\u00eate d&#039;un s\u00e9jour relaxant et enchanteur","publisher":{"@id":"https:\/\/www.camping-vercheny.fr\/#organization"},"potentialAction":[{"@type":"SearchAction","target":{"@type":"EntryPoint","urlTemplate":"https:\/\/www.camping-vercheny.fr\/?s={search_term_string}"},"query-input":"required name=search_term_string"}],"inLanguage":"en-GB"},{"@type":"Organization","@id":"https:\/\/www.camping-vercheny.fr\/#organization","name":"Camping de Vercheny, locations d&#039;emplacements dans le Diois, Dr\u00f4me","url":"https:\/\/www.camping-vercheny.fr\/","logo":{"@type":"ImageObject","inLanguage":"en-GB","@id":"https:\/\/www.camping-vercheny.fr\/#\/schema\/logo\/image\/","url":"https:\/\/www.camping-vercheny.fr\/wp-content\/uploads\/2024\/04\/Groupe-118.png","contentUrl":"https:\/\/www.camping-vercheny.fr\/wp-content\/uploads\/2024\/04\/Groupe-118.png","width":308,"height":126,"caption":"Camping de Vercheny, locations d&#039;emplacements dans le Diois, Dr\u00f4me"},"image":{"@id":"https:\/\/www.camping-vercheny.fr\/#\/schema\/logo\/image\/"}}]}},"_links":{"self":[{"href":"https:\/\/www.camping-vercheny.fr\/en\/wp-json\/wp\/v2\/pages\/3755","targetHints":{"allow":["GET"]}}],"collection":[{"href":"https:\/\/www.camping-vercheny.fr\/en\/wp-json\/wp\/v2\/pages"}],"about":[{"href":"https:\/\/www.camping-vercheny.fr\/en\/wp-json\/wp\/v2\/types\/page"}],"author":[{"embeddable":true,"href":"https:\/\/www.camping-vercheny.fr\/en\/wp-json\/wp\/v2\/users\/1"}],"replies":[{"embeddable":true,"href":"https:\/\/www.camping-vercheny.fr\/en\/wp-json\/wp\/v2\/comments?post=3755"}],"version-history":[{"count":49,"href":"https:\/\/www.camping-vercheny.fr\/en\/wp-json\/wp\/v2\/pages\/3755\/revisions"}],"predecessor-version":[{"id":3823,"href":"https:\/\/www.camping-vercheny.fr\/en\/wp-json\/wp\/v2\/pages\/3755\/revisions\/3823"}],"wp:attachment":[{"href":"https:\/\/www.camping-vercheny.fr\/en\/wp-json\/wp\/v2\/media?parent=3755"}],"curies":[{"name":"wp","href":"https:\/\/api.w.org\/{rel}","templated":true}]}}